{"id":7806,"date":"2023-07-31T10:11:02","date_gmt":"2023-07-31T07:11:02","guid":{"rendered":"https:\/\/www.favo.com.tr\/?post_type=product&#038;p=7806"},"modified":"2023-07-31T10:15:31","modified_gmt":"2023-07-31T07:15:31","slug":"45x45-1-kalite-seramik","status":"publish","type":"product","link":"https:\/\/www.favo.com.tr\/en\/urunler\/seramik\/45x45-1-kalite-seramik\/","title":{"rendered":"45&#215;45 1. Kalite Seramik"},"content":{"rendered":"<p>G\u00fcncel fiyat bilgisi i\u00e7in <a href=\"tel:05325082087\">0532 508 20 87<\/a> numaral\u0131 telefonu\u00a0aray\u0131n\u0131z.<\/p>\n","protected":false},"excerpt":{"rendered":"<p>G\u00fcncel fiyat bilgisi i\u00e7in 0532 508 20 87 numaral\u0131 telefonu\u00a0aray\u0131n\u0131z.<\/p>\n","protected":false},"featured_media":7807,"comment_status":"open","ping_status":"closed","template":"","meta":[],"_links":{"self":[{"href":"https:\/\/www.favo.com.tr\/en\/wp-json\/wp\/v2\/product\/7806"}],"collection":[{"href":"https:\/\/www.favo.com.tr\/en\/wp-json\/wp\/v2\/product"}],"about":[{"href":"https:\/\/www.favo.com.tr\/en\/wp-json\/wp\/v2\/types\/product"}],"replies":[{"embeddable":true,"href":"https:\/\/www.favo.com.tr\/en\/wp-json\/wp\/v2\/comments?post=7806"}],"wp:featuredmedia":[{"embeddable":true,"href":"https:\/\/www.favo.com.tr\/en\/wp-json\/wp\/v2\/media\/7807"}],"wp:attachment":[{"href":"https:\/\/www.favo.com.tr\/en\/wp-json\/wp\/v2\/media?parent=7806"}],"curies":[{"name":"wp","href":"https:\/\/api.w.org\/{rel}","templated":true}]}}